{"id":246,"date":"2021-05-13T23:05:11","date_gmt":"2021-05-13T21:05:11","guid":{"rendered":"http:\/\/suenyo.eu\/?post_type=product&#038;p=246"},"modified":"2021-05-13T23:15:37","modified_gmt":"2021-05-13T21:15:37","slug":"its-on-zink","status":"publish","type":"product","link":"https:\/\/suenyo.eu\/gb\/produkt\/its-on-zink\/","title":{"rendered":"It&#8217;s On Zink"},"content":{"rendered":"<p>Die It&#8217;s On Zinkpaste ist ein wasserfester mineralischer Sonnenschutz der die Haut langanhaltend vor einem breiten Spektrum der sch\u00e4dlichen UV-A und UV-B Strahlung sch\u00fctzt. Die Paste muss deckend auf die Haut aufgetragen und bei Bedarf erneuert werden.\u00a0F\u00fcr It&#8217;s On werden ausschlie\u00dflich nat\u00fcrliche Zutaten verwendet.<\/p>\n<p>Keine Nanopartikel<br \/>\nKeine Duftstoffe<br \/>\nKeine Konserverierungsstoffe<br \/>\nKeine chemischen Zus\u00e4tze<br \/>\nKeine Plastikverpackung<\/p>\n<p>Hergestellt wird It&#8217;s On in Deutschland nach Zertifizierten Verfahren und unter Einhaltung h\u00f6chster Produktionsstandards.<\/p>\n","protected":false},"excerpt":{"rendered":"<p>It&#8217;s On &#8211; mineralischer Sonnenschutz made in Germany.<\/p>\n<p>In zertifizierten Verfahren und nach h\u00f6chsten Produktionsstandards hergestellt.<\/p>\n","protected":false},"featured_media":0,"template":"","meta":[],"product_brand":[],"product_cat":[28],"product_tag":[],"class_list":{"0":"post-246","1":"product","2":"type-product","3":"status-publish","5":"product_cat-zinkpaste","7":"first","8":"instock","9":"shipping-taxable","10":"purchasable","11":"product-type-simple"},"translation":{"provider":"WPGlobus","version":"3.0.0","language":"gb","enabled_languages":["de","gb"],"languages":{"de":{"title":true,"content":true,"excerpt":true},"gb":{"title":false,"content":false,"excerpt":false}}},"jetpack_sharing_enabled":true,"_links":{"self":[{"href":"https:\/\/suenyo.eu\/gb\/wp-json\/wp\/v2\/product\/246","targetHints":{"allow":["GET"]}}],"collection":[{"href":"https:\/\/suenyo.eu\/gb\/wp-json\/wp\/v2\/product"}],"about":[{"href":"https:\/\/suenyo.eu\/gb\/wp-json\/wp\/v2\/types\/product"}],"wp:attachment":[{"href":"https:\/\/suenyo.eu\/gb\/wp-json\/wp\/v2\/media?parent=246"}],"wp:term":[{"taxonomy":"product_brand","embeddable":true,"href":"https:\/\/suenyo.eu\/gb\/wp-json\/wp\/v2\/product_brand?post=246"},{"taxonomy":"product_cat","embeddable":true,"href":"https:\/\/suenyo.eu\/gb\/wp-json\/wp\/v2\/product_cat?post=246"},{"taxonomy":"product_tag","embeddable":true,"href":"https:\/\/suenyo.eu\/gb\/wp-json\/wp\/v2\/product_tag?post=246"}],"curies":[{"name":"wp","href":"https:\/\/api.w.org\/{rel}","templated":true}]}}