{"id":58,"date":"2021-02-17T13:35:17","date_gmt":"2021-02-17T12:35:17","guid":{"rendered":"http:\/\/suenyo.eu\/?page_id=58"},"modified":"2025-10-27T22:05:19","modified_gmt":"2025-10-27T21:05:19","slug":"impressum","status":"publish","type":"page","link":"https:\/\/suenyo.eu\/gb\/impressum\/","title":{"rendered":"Imprint"},"content":{"rendered":"\n<p>Verantwortlich f\u00fcr die Inhalte dieser Seite ist die Suenyo Vertriebs GmbH.<\/p>\n\n\n\n<p><strong>Suenyo Vertriebs GmbH<\/strong><\/p>\n\n\n\n<p>Gesellschaft mit beschr\u00e4nkter Haftung<\/p>\n\n\n\n<p>Kleinunternehmer gem\u00e4\u00df&nbsp;\u00a7 6 Abs 1 Z 27 UStG<\/p>\n\n\n\n<p><strong>Unternehmensgegenstand:<br><\/strong> Vertrieb von Waren aller Art<\/p>\n\n\n\n<p><strong>Firmenbuchnummer:<br><\/strong>FN: 550202 x<\/p>\n\n\n\n<p><strong>FB-Gericht:<\/strong><br>Graz<\/p>\n\n\n\n<p><strong>Firmensitz:<\/strong><br>Am Katzelbach 104<br>8054 Graz<br>Austria<\/p>\n\n\n\n<p><strong>Kontakt:<\/strong><br>Mobil: +43 664 5666804<br>E-Mail: <a href=\"http:\/\/suenyo.eu\/kontakt\/\" data-type=\"page\" data-id=\"51\">Kontaktformular<\/a><\/p>\n\n\n\n<p>Mitglied der WK\u00d6, WK-Stmk, Sparte Handel<\/p>\n\n\n\n<p><strong>Berufsrecht:<\/strong><br><a href=\"http:\/\/www.ris.bka.gv.at\/\">Gewerbeordnung<\/a><\/p>\n\n\n\n<p><strong>Gewerbebeh\u00f6rde:<\/strong><br>Magistrat Graz, Gewerbereferat<\/p>\n\n\n\n<p><strong>Berufsbezeichnung:<\/strong><br>Handelsgewerbe mit Ausnahme der reglementierten Handelsgewerbe<br><br><strong>Links to external websites:<\/strong><br><br>This website contains links to external websites. Since these external sites are not influenced by Suenyo GmbH, no responsibility can be assumed for their content and data protection policy.<br><br><strong>Disclaimer of liability:<\/strong><br><br>This website shows the temporary status of a continuous work process. Although the greatest care has been taken in the compilation of the information contained on this website, no guarantee can be given that it is up-to-date, correct or complete. This also applies to all connections (&#8220;links&#8221;) to which this website refers directly or indirectly. Suenyo GmbH is not responsible for the content of a page reached via such a link. In no case can Suenyo be held responsible for any damage or disadvantages of any kind that arise through the direct or indirect use or in connection with the use of the information provided here, be it direct or indirect damage or consequential damage, including loss of information Profit, or damage resulting from the loss of data. <br>All texts and images on this website are owned by Suenyo GmbH and may only be used for personal, private and non-commercial use without consent.<br><\/p>\n\n\n\n<p><br><br><\/p>\n","protected":false},"excerpt":{"rendered":"<p>Verantwortlich f\u00fcr die Inhalte dieser Seite ist die Suenyo Vertriebs GmbH. Suenyo Vertriebs GmbH Gesellschaft mit beschr\u00e4nkter Haftung Kleinunternehmer gem\u00e4\u00df&nbsp;\u00a7 6 Abs 1 Z 27 UStG Unternehmensgegenstand: Vertrieb von Waren aller Art Firmenbuchnummer:FN: 550202 x FB-Gericht:Graz Firmensitz:Am Katzelbach 1048054 GrazAustria Kontakt:Mobil: +43 664 5666804E-Mail: Kontaktformular Mitglied der WK\u00d6, WK-Stmk, Sparte Handel Berufsrecht:Gewerbeordnung Gewerbebeh\u00f6rde:Magistrat Graz, Gewerbereferat &hellip; <\/p>\n<p class=\"link-more\"><a href=\"https:\/\/suenyo.eu\/gb\/impressum\/\" class=\"more-link\">Continue reading<span class=\"screen-reader-text\"> &#8220;Imprint&#8221;<\/span><\/a><\/p>\n","protected":false},"author":1,"featured_media":0,"parent":0,"menu_order":0,"comment_status":"closed","ping_status":"closed","template":"","meta":{"footnotes":""},"class_list":["post-58","page","type-page","status-publish","hentry"],"translation":{"provider":"WPGlobus","version":"3.0.0","language":"gb","enabled_languages":["de","gb"],"languages":{"de":{"title":true,"content":true,"excerpt":false},"gb":{"title":true,"content":true,"excerpt":false}}},"jetpack_sharing_enabled":true,"_links":{"self":[{"href":"https:\/\/suenyo.eu\/gb\/wp-json\/wp\/v2\/pages\/58","targetHints":{"allow":["GET"]}}],"collection":[{"href":"https:\/\/suenyo.eu\/gb\/wp-json\/wp\/v2\/pages"}],"about":[{"href":"https:\/\/suenyo.eu\/gb\/wp-json\/wp\/v2\/types\/page"}],"author":[{"embeddable":true,"href":"https:\/\/suenyo.eu\/gb\/wp-json\/wp\/v2\/users\/1"}],"replies":[{"embeddable":true,"href":"https:\/\/suenyo.eu\/gb\/wp-json\/wp\/v2\/comments?post=58"}],"version-history":[{"count":10,"href":"https:\/\/suenyo.eu\/gb\/wp-json\/wp\/v2\/pages\/58\/revisions"}],"predecessor-version":[{"id":415,"href":"https:\/\/suenyo.eu\/gb\/wp-json\/wp\/v2\/pages\/58\/revisions\/415"}],"wp:attachment":[{"href":"https:\/\/suenyo.eu\/gb\/wp-json\/wp\/v2\/media?parent=58"}],"curies":[{"name":"wp","href":"https:\/\/api.w.org\/{rel}","templated":true}]}}